{"id":4520,"date":"2015-07-30T22:50:54","date_gmt":"2015-07-30T20:50:54","guid":{"rendered":"https:\/\/www.eubioenergy.com\/faq\/"},"modified":"2022-06-28T11:24:53","modified_gmt":"2022-06-28T09:24:53","slug":"faq","status":"publish","type":"page","link":"https:\/\/www.eubioenergy.com\/fr\/faq\/","title":{"rendered":"FAQ"},"content":{"rendered":"<p>[vc_row css_animation=\u00a0\u00bbfadeIn\u00a0\u00bb centered=\u00a0\u00bbyes\u00a0\u00bb bg_type=\u00a0\u00bbimage\u00a0\u00bb parallax_style=\u00a0\u00bbvcpb-default\u00a0\u00bb bg_image_new=\u00a0\u00bbid^3321|url^https:\/\/www.eubioenergy.com\/\/wp-content\/uploads\/2022\/04\/banner-faq.jpg|caption^null|alt^null|title^banner-faq|description^null\u00a0\u00bb bg_image_repeat=\u00a0\u00bbno-repeat\u00a0\u00bb bg_image_posiiton=\u00a0\u00bbcenter 35%\u00a0\u00bb][vc_column]<div class=\"ult-spacer spacer-69e7f6364aa44\" data-id=\"69e7f6364aa44\" data-height=\"400\" data-height-mobile=\"500\" data-height-tab=\"\" data-height-tab-portrait=\"\" data-height-mobile-landscape=\"\" style=\"clear:both;display:block;\"><\/div>[\/vc_column][\/vc_row][vc_row centered=\u00a0\u00bbyes\u00a0\u00bb][vc_column]<div class=\"ult-spacer spacer-69e7f6364aa75\" data-id=\"69e7f6364aa75\" data-height=\"120\" data-height-mobile=\"120\" data-height-tab=\"120\" data-height-tab-portrait=\"\" data-height-mobile-landscape=\"\" style=\"clear:both;display:block;\"><\/div><div id=\"ultimate-heading-878769e7f6364aaad\" class=\"uvc-heading ult-adjust-bottom-margin ultimate-heading-878769e7f6364aaad uvc-4319 \" data-hspacer=\"no_spacer\"  data-halign=\"center\" style=\"text-align:center\"><div class=\"uvc-heading-spacer no_spacer\" style=\"top\"><\/div><div class=\"uvc-main-heading ult-responsive\"  data-ultimate-target='.uvc-heading.ultimate-heading-878769e7f6364aaad h3'  data-responsive-json-new='{\"font-size\":\"desktop:30px;\",\"line-height\":\"\"}' ><h3 style=\"font-family:&#039;Montserrat&#039;;font-weight:700;color:#435061;margin-bottom:10px;\">FOIRE AUX QUESTIONS<\/h3><\/div><div class=\"uvc-sub-heading ult-responsive\"  data-ultimate-target='.uvc-heading.ultimate-heading-878769e7f6364aaad .uvc-sub-heading '  data-responsive-json-new='{\"font-size\":\"desktop:20px;\",\"line-height\":\"\"}'  style=\"font-weight:normal;color:#435061;margin-bottom:50px;\"><\/p>\n<p style=\"text-align: center;\">TOUTES LES R\u00c9PONSES \u00c0 VOS QUESTIONS SUR LES BIO\u00c9NERGIES<\/p>\n<p><\/div><\/div><div class=\"ult-spacer spacer-69e7f6364aae9\" data-id=\"69e7f6364aae9\" data-height=\"90\" data-height-mobile=\"90\" data-height-tab=\"90\" data-height-tab-portrait=\"\" data-height-mobile-landscape=\"\" style=\"clear:both;display:block;\"><\/div><div class=\" vc_custom_1650613857029 ubtn-ctn-center eubutton eubutton--none\"><button type=\"button\" id=\"ubtn-4794\"  class=\"ubtn ult-adjust-bottom-margin ult-responsive ubtn-normal ubtn-no-hover-bg  none  ubtn-center eubutton eubutton--none  tooltip-69e7f6364ab0d\"  data-hover=\"\" data-border-color=\"\" data-bg=\"#505a6b\" data-hover-bg=\"#505a6b\" data-border-hover=\"\" data-shadow-hover=\"\" data-shadow-click=\"none\" data-shadow=\"\" data-shd-shadow=\"\"  data-ultimate-target='#ubtn-4794'  data-responsive-json-new='{\"font-size\":\"desktop:18px;\",\"line-height\":\"\"}'  style=\"font-family:&#039;Montserrat&#039;;font-weight:700;border-radius:10px;border-width:px;border-color:;border-style:solid;background: #505a6b;color: #ffffff;\"><span class=\"ubtn-hover\" style=\"background-color:#505a6b\"><\/span><span class=\"ubtn-data ubtn-text \" >BIOENERGY &amp; CLIMATE CHANGE<\/span><\/button><\/div>[vc_toggle title=\u00a0\u00bbEST-CE QUE BR\u00dbLER DU BOIS EST MEILLEUR POUR L\u2019ATMOSPH\u0400RE QUE BR\u00dbLER DU CHARBON ?\u00a0\u00bb style=\u00a0\u00bbsquare\u00a0\u00bb color=\u00a0\u00bbmulled_wine\u00a0\u00bb size=\u00a0\u00bbsm\u00a0\u00bb el_id=\u00a0\u00bb1438297456498-18747d9c-d908&Prime;]Non, br\u00fbler du bois n\u2019est pas meilleur pour l\u2019atmosph\u00e8re que br\u00fbler du charbon, car cela g\u00e9n\u00e8re encore plus de CO\u2082 par unit\u00e9 d\u2019\u00e9nergie produite. Cela signifie que nous \u00e9mettons davantage de carbone avec le bois pour la m\u00eame quantit\u00e9 finale d\u2019\u00e9nergie obtenue qu\u2019avec le charbon.<\/p>\n<p>L\u2019une des solutions pour stopper le d\u00e9r\u00e8glement climatique est d\u2019arr\u00eater de produire de l\u2019\u00e9nergie par combustion ; qu\u2019il s\u2019agisse de bio\u00e9nergies ou de combustibles fossiles. <a href=\"https:\/\/www.eubioenergy.com\/fr\/5-problematiques\/acceleration-du-changement-climatique\/\">Plus d\u2019informations sur notre page d\u00e9di\u00e9e au changement climatique.<\/a><\/p>\n<p>La combustion de biomasse foresti\u00e8re aggrave \u00e9galement la pollution de l\u2019air. <a href=\"https:\/\/www.eubioenergy.com\/fr\/5-problematiques\/pollution-de-lair\/\">Plus d\u2019informations sur notre page d\u00e9di\u00e9e<\/a>.[\/vc_toggle][vc_toggle title=\u00a0\u00bbPEUT-ON CONSID\u00c9RER LA BIO\u00c9NERGIE COMME NEUTRE POUR LE CLIMAT PARCE QUE LES ARBRES REPOUSSENT ?\u00a0\u00bb style=\u00a0\u00bbsquare\u00a0\u00bb color=\u00a0\u00bbmulled_wine\u00a0\u00bb size=\u00a0\u00bbsm\u00a0\u00bb el_id=\u00a0\u00bb1438299328594-b7f29bed-131e\u00a0\u00bb]Non. l faut peu de temps pour couper et br\u00fbler un arbre, mais des d\u00e9cennies voire des si\u00e8cles sont n\u00e9cessaires pour qu\u2019un nouvel arbre repousse et soit en mesure de r\u00e9absorber l\u2019enti\u00e8ret\u00e9 du carbone \u00e9mis. Pendant ce temps, tout le CO\u2082 lib\u00e9r\u00e9 va acc\u00e9l\u00e9rer le changement climatique, alors que nous n\u2019avons que 10 ans pour r\u00e9duire drastiquement nos \u00e9missions carbones et que nous devons \u00eatre \u00ab climatiquement neutre \u00bb pour 2050.<\/p>\n<p>Qui plus est, nous avons besoin de for\u00eats en bonne sant\u00e9 pour jouer un r\u00f4le de puits de carbone et absorber tout ce que les \u00e9nergies fossiles ont \u00e9mis depuis la r\u00e9volution industrielle.[\/vc_toggle][vc_toggle title=\u00a0\u00bbSI L\u2019ON REPLANTE TOUT CE QUE L\u2019ON COUPE (PRINCIPE DE GESTION DURABLE DES FOR\u00caTS) PEUT-ON D\u00c8S LORS CONSID\u00c9RER LES BIO\u00c9NERGIES COMME NEUTRES POUR LE CLIMAT ?\u00a0\u00bb style=\u00a0\u00bbsquare\u00a0\u00bb color=\u00a0\u00bbmulled_wine\u00a0\u00bb size=\u00a0\u00bbsm\u00a0\u00bb el_id=\u00a0\u00bb1438299424406-98a51bb4-4e54&Prime;]Non. Le principe de gestion durable des for\u00eats que l\u2019on connait pour les meubles et le papier n\u2019est pas pertinent pour \u00e9valuer les \u00e9missions de CO\u2082 et l\u2019impact climatique. Quelle que soit l\u2019\u00e9chelle de temps prise en compte, il y aura toujours un d\u00e9calage entre le temps de pousse et d\u2019absorption du carbone par les arbres, et le rythme de lib\u00e9ration de CO\u2082 due aux combustions. Whatever is the scale of time we consider, growing and absorbing carbon takes more time than burning and releasing CO\u2082.<\/p>\n<p>Une for\u00eat en bonne sant\u00e9 est un puit de carbone, elle en accumule au fil du temps. <strong>Mais si nous br\u00fblons chaque ann\u00e9e l\u2019\u00e9quivalent de bois qui repousse, les for\u00eats ne sont plus des puits<\/strong> ; elles n\u2019accumulent plus de carbone suppl\u00e9mentaire.<\/p>\n<p>Toutes les mod\u00e9lisations climatiques s\u2019accordent sur le r\u00f4le vital que doivent jouer les for\u00eats gr\u00e2ce \u00e0 leur capacit\u00e9 d\u2019absorption : <strong>elles ne sont pas cens\u00e9es \u00eatre neutres en carbone, elles doivent \u00eatre n\u00e9gatives en carbone<\/strong>, c\u2019est-\u00e0-dire puiser et stocker activement du CO2 de l&rsquo;atmosph\u00e8re.<\/p>\n<p>Plus d\u2019informations sur <a href=\"https:\/\/www.eubioenergy.com\/fr\/5-problematiques\/acceleration-du-changement-climatique\/\">notre page d\u00e9di\u00e9e au changement climatique<\/a>.[\/vc_toggle]<div class=\"ult-spacer spacer-69e7f6364ab4e\" data-id=\"69e7f6364ab4e\" data-height=\"90\" data-height-mobile=\"90\" data-height-tab=\"90\" data-height-tab-portrait=\"\" data-height-mobile-landscape=\"\" style=\"clear:both;display:block;\"><\/div><div class=\"ult-spacer spacer-69e7f6364ab64\" data-id=\"69e7f6364ab64\" data-height=\"70\" data-height-mobile=\"70\" data-height-tab=\"70\" data-height-tab-portrait=\"\" data-height-mobile-landscape=\"\" style=\"clear:both;display:block;\"><\/div>[\/vc_column][\/vc_row][vc_row][vc_column]<div class=\"ult-spacer spacer-69e7f6364ab77\" data-id=\"69e7f6364ab77\" data-height=\"30\" data-height-mobile=\"30\" data-height-tab=\"30\" data-height-tab-portrait=\"\" data-height-mobile-landscape=\"\" style=\"clear:both;display:block;\"><\/div><div id=\"ultimate-heading-820569e7f6364ab91\" class=\"uvc-heading ult-adjust-bottom-margin ultimate-heading-820569e7f6364ab91 uvc-5467 \" data-hspacer=\"no_spacer\"  data-halign=\"center\" style=\"text-align:center\"><div class=\"uvc-heading-spacer no_spacer\" style=\"top\"><\/div><div class=\"uvc-sub-heading ult-responsive\"  data-ultimate-target='.uvc-heading.ultimate-heading-820569e7f6364ab91 .uvc-sub-heading '  data-responsive-json-new='{\"font-size\":\"desktop:20px;\",\"line-height\":\"\"}'  style=\"font-weight:normal;color:#435061;margin-bottom:30px;\"><\/p>\n<p style=\"text-align: center;\"><strong>VOUS N\u2019AVEZ PAS TROUV\u00c9 DE R\u00c9PONSE \u00c0 VOTRE QUESTION ?<\/strong><\/p>\n<p><\/div><\/div><div class=\" ubtn-ctn-center eubutton\"><a class=\"ubtn-link ult-adjust-bottom-margin ubtn-center ubtn-normal eubutton\" href=\"https:\/\/www.eubioenergy.com\/fr\/contact\/\" title=\"CONTACT US\" ><button type=\"button\" id=\"ubtn-2205\"  class=\"ubtn ult-adjust-bottom-margin ult-responsive ubtn-normal ubtn-fade-bg  none  ubtn-center   tooltip-69e7f6364abb1\"  data-hover=\"\" data-border-color=\"\" data-bg=\"#0d7cec\" data-hover-bg=\"#0c54d1\" data-border-hover=\"\" data-shadow-hover=\"\" data-shadow-click=\"none\" data-shadow=\"\" data-shd-shadow=\"\"  data-ultimate-target='#ubtn-2205'  data-responsive-json-new='{\"font-size\":\"desktop:22px;\",\"line-height\":\"\"}'  style=\"font-family:&#039;Montserrat&#039;;font-weight:700;border-radius:10px;border-width:px;border-color:;border-style:solid;background: #0d7cec;color: #ffffff;\"><span class=\"ubtn-hover\" style=\"background-color:#0c54d1\"><\/span><span class=\"ubtn-data ubtn-text \" >CONTACTEZ-NOUS<\/span><\/button><\/a><\/div><div class=\"ult-spacer spacer-69e7f6364abe8\" data-id=\"69e7f6364abe8\" data-height=\"90\" data-height-mobile=\"90\" data-height-tab=\"90\" data-height-tab-portrait=\"\" data-height-mobile-landscape=\"\" style=\"clear:both;display:block;\"><\/div>[\/vc_column][\/vc_row][vc_row centered=\u00a0\u00bbyes\u00a0\u00bb bg_type=\u00a0\u00bbimage\u00a0\u00bb parallax_style=\u00a0\u00bbvcpb-default\u00a0\u00bb bg_image_repeat=\u00a0\u00bbno-repeat\u00a0\u00bb bg_image_size=\u00a0\u00bbinitial\u00a0\u00bb bg_image_posiiton=\u00a0\u00bbtop center\u00a0\u00bb css=\u00a0\u00bb.vc_custom_1649835190809{background-color: #f6f9fa !important;}\u00a0\u00bb][vc_column]<div id=\"ult-easy-separator-84852438169e7f6364b0a7\" class=\"ult-easy-separator-wrapper ult-responsive ult-top-easy-separator ult-easy-separator-no-default \" style=\"transform: translate(-50%,-58%)!important;-ms-transform: translate(-50%,-58%)!important;-webkit-transform: translate(-50%,-58%)!important;\" data-vc-row=\"wpb_row\"  data-ultimate-target='#ult-easy-separator-84852438169e7f6364b0a7'  data-responsive-json-new='{\"width\":\"\"}' ><div class=\"ult-easy-separator-inner-wrapper\"><div class=\"ult-no-animation\" style=\"opacity:0;\"   ><img decoding=\"async\" class=\"ult-easy-separator-img\" alt=\"null\" src=\"https:\/\/www.eubioenergy.com\/wp-content\/uploads\/2022\/04\/dechirure-issues.png\" \/><\/div><\/div><\/div><div class=\"ult-spacer spacer-69e7f6364b0e4\" data-id=\"69e7f6364b0e4\" data-height=\"70\" data-height-mobile=\"70\" data-height-tab=\"70\" data-height-tab-portrait=\"\" data-height-mobile-landscape=\"\" style=\"clear:both;display:block;\"><\/div><div id=\"ultimate-heading-728869e7f6364b40a\" class=\"uvc-heading ult-adjust-bottom-margin ultimate-heading-728869e7f6364b40a uvc-7743 \" data-hspacer=\"image_only\"  data-halign=\"center\" style=\"text-align:center\"><div class=\"uvc-heading-spacer image_only\" style=\"margin-bottom:20px;\"><img decoding=\"async\" src=\"https:\/\/www.eubioenergy.com\/wp-content\/uploads\/2022\/04\/tree-separator-blue.png\" class=\"ultimate-headings-icon-image\" alt=\"null\" style=\"width:33px\"\/><\/div><div class=\"uvc-main-heading ult-responsive\"  data-ultimate-target='.uvc-heading.ultimate-heading-728869e7f6364b40a h3'  data-responsive-json-new='{\"font-size\":\"desktop:30px;\",\"line-height\":\"\"}' ><h3 style=\"font-family:&#039;Montserrat&#039;;font-weight:700;color:#435061;margin-bottom:50px;\">5 PROBL\u0400MES LI\u00c9S AUX BIO\u00c9NERGIES<\/h3><\/div><\/div>[vc_row_inner content_placement=\u00a0\u00bbbottom\u00a0\u00bb][vc_column_inner el_class=\u00a0\u00bbeuissueitem\u00a0\u00bb width=\u00a0\u00bb1\/5&Prime;]<div id=\"ultimate-heading-96169e7f6364b440\" class=\"uvc-heading ult-adjust-bottom-margin ultimate-heading-96169e7f6364b440 uvc-1285 \" data-hspacer=\"no_spacer\"  data-halign=\"center\" style=\"text-align:center\"><div class=\"uvc-heading-spacer no_spacer\" style=\"top\"><\/div><div class=\"uvc-sub-heading ult-responsive\"  data-ultimate-target='.uvc-heading.ultimate-heading-96169e7f6364b440 .uvc-sub-heading '  data-responsive-json-new='{\"font-size\":\"desktop:16px;tablet:14px;mobile:16px;\",\"line-height\":\"\"}'  style=\"font-weight:normal;\"><\/p>\n<h4 style=\"text-align: center;\"><a href=\"https:\/\/www.eubioenergy.com\/fr\/5-problematiques\/destruction-des-forets\/\"><strong><img loading=\"lazy\" decoding=\"async\" class=\"alignnone size-medium wp-image-1164\" src=\"https:\/\/www.eubioenergy.com\/\/wp-content\/uploads\/2022\/04\/issue01-forests-e1649925058395-280x300.png\" rel=\"PrettyPhoto[4520]\" alt=\"\" width=\"280\" height=\"300\" \/><\/strong><\/a><\/h4>\n<h4 style=\"text-align: center;\"><a href=\"https:\/\/www.eubioenergy.com\/fr\/5-problematiques\/destruction-des-forets\/\">DESTRUCTION DES FOR\u00caTS<\/a><\/h4>\n<p><\/div><\/div>[\/vc_column_inner][vc_column_inner el_class=\u00a0\u00bbeuissueitem\u00a0\u00bb width=\u00a0\u00bb1\/5&Prime;]<div id=\"ultimate-heading-854369e7f6364b462\" class=\"uvc-heading ult-adjust-bottom-margin ultimate-heading-854369e7f6364b462 uvc-4933 \" data-hspacer=\"no_spacer\"  data-halign=\"center\" style=\"text-align:center\"><div class=\"uvc-heading-spacer no_spacer\" style=\"top\"><\/div><div class=\"uvc-sub-heading ult-responsive\"  data-ultimate-target='.uvc-heading.ultimate-heading-854369e7f6364b462 .uvc-sub-heading '  data-responsive-json-new='{\"font-size\":\"\",\"line-height\":\"\"}'  style=\"font-weight:normal;\"><\/p>\n<h4 style=\"text-align: center;\"><a href=\"https:\/\/www.eubioenergy.com\/fr\/5-problematiques\/menace-de-la-vie-sauvage\/\"><img loading=\"lazy\" decoding=\"async\" class=\"alignnone size-medium wp-image-1181\" src=\"https:\/\/www.eubioenergy.com\/\/wp-content\/uploads\/2022\/04\/issue02-wildlife-e1649925005955-280x300.png\" rel=\"PrettyPhoto[4520]\" alt=\"\" width=\"280\" height=\"300\" \/><\/a><\/h4>\n<h4 style=\"text-align: center;\"><a href=\"https:\/\/www.eubioenergy.com\/fr\/5-problematiques\/menace-de-la-vie-sauvage\/\">MENACE DE LA VIE SAUVAGE<\/a><\/h4>\n<p><\/div><\/div>[\/vc_column_inner][vc_column_inner el_class=\u00a0\u00bbeuissueitem\u00a0\u00bb width=\u00a0\u00bb1\/5&Prime;]<div id=\"ultimate-heading-794569e7f6364b47a\" class=\"uvc-heading ult-adjust-bottom-margin ultimate-heading-794569e7f6364b47a uvc-4475 \" data-hspacer=\"no_spacer\"  data-halign=\"center\" style=\"text-align:center\"><div class=\"uvc-heading-spacer no_spacer\" style=\"top\"><\/div><div class=\"uvc-sub-heading ult-responsive\"  data-ultimate-target='.uvc-heading.ultimate-heading-794569e7f6364b47a .uvc-sub-heading '  data-responsive-json-new='{\"font-size\":\"\",\"line-height\":\"\"}'  style=\"font-weight:normal;\"><\/p>\n<h4 style=\"text-align: center;\"><a href=\"https:\/\/www.eubioenergy.com\/fr\/5-problematiques\/acceleration-du-changement-climatique\/\"><img loading=\"lazy\" decoding=\"async\" class=\"alignnone size-medium wp-image-1182\" src=\"https:\/\/www.eubioenergy.com\/\/wp-content\/uploads\/2022\/04\/issue03-climate-e1649924767951-300x230.png\" rel=\"PrettyPhoto[4520]\" alt=\"\" width=\"300\" height=\"230\" \/><\/a><\/h4>\n<h4 style=\"text-align: center;\"><a href=\"https:\/\/www.eubioenergy.com\/fr\/5-problematiques\/acceleration-du-changement-climatique\/\">ACC\u00c9L\u00c9RATION DU CHANGEMENT CLIMATIQUE<\/a><\/h4>\n<p><\/div><\/div>[\/vc_column_inner][vc_column_inner el_class=\u00a0\u00bbeuissueitem\u00a0\u00bb width=\u00a0\u00bb1\/5&Prime;]<div id=\"ultimate-heading-343769e7f6364b492\" class=\"uvc-heading ult-adjust-bottom-margin ultimate-heading-343769e7f6364b492 uvc-6539 \" data-hspacer=\"no_spacer\"  data-halign=\"center\" style=\"text-align:center\"><div class=\"uvc-heading-spacer no_spacer\" style=\"top\"><\/div><div class=\"uvc-sub-heading ult-responsive\"  data-ultimate-target='.uvc-heading.ultimate-heading-343769e7f6364b492 .uvc-sub-heading '  data-responsive-json-new='{\"font-size\":\"\",\"line-height\":\"\"}'  style=\"font-weight:normal;\"><\/p>\n<h4 style=\"text-align: center;\"><a href=\"https:\/\/www.eubioenergy.com\/fr\/5-problematiques\/pollution-de-lair\/\"><img loading=\"lazy\" decoding=\"async\" class=\"alignnone size-medium wp-image-1183\" src=\"https:\/\/www.eubioenergy.com\/\/wp-content\/uploads\/2022\/04\/issue04-pollution-e1649924807156-300x289.png\" rel=\"PrettyPhoto[4520]\" alt=\"\" width=\"300\" height=\"289\" \/><\/a><\/h4>\n<h4 style=\"text-align: center;\"><a href=\"https:\/\/www.eubioenergy.com\/fr\/5-problematiques\/pollution-de-lair\/\">POLLUTION DE L\u2019AIR<\/a><\/h4>\n<p><\/div><\/div>[\/vc_column_inner][vc_column_inner el_class=\u00a0\u00bbeuissueitem\u00a0\u00bb width=\u00a0\u00bb1\/5&Prime;]<div id=\"ultimate-heading-85269e7f6364b4a8\" class=\"uvc-heading ult-adjust-bottom-margin ultimate-heading-85269e7f6364b4a8 uvc-6369 \" data-hspacer=\"no_spacer\"  data-halign=\"center\" style=\"text-align:center\"><div class=\"uvc-heading-spacer no_spacer\" style=\"top\"><\/div><div class=\"uvc-sub-heading ult-responsive\"  data-ultimate-target='.uvc-heading.ultimate-heading-85269e7f6364b4a8 .uvc-sub-heading '  data-responsive-json-new='{\"font-size\":\"\",\"line-height\":\"\"}'  style=\"font-weight:normal;\"><\/p>\n<h4 style=\"text-align: center;\"><a href=\"https:\/\/www.eubioenergy.com\/fr\/5-problematiques\/pression-sur-les-terres\/\"><img loading=\"lazy\" decoding=\"async\" class=\"alignnone size-medium wp-image-1184\" src=\"https:\/\/www.eubioenergy.com\/\/wp-content\/uploads\/2022\/04\/issue05-land-e1649924940411-275x300.png\" rel=\"PrettyPhoto[4520]\" alt=\"\" width=\"275\" height=\"300\" \/><\/a><\/h4>\n<h4 style=\"text-align: center;\"><a href=\"https:\/\/www.eubioenergy.com\/fr\/5-problematiques\/pression-sur-les-terres\/\">PRESSION SUR LES TERRES<\/a><\/h4>\n<p><\/div><\/div>[\/vc_column_inner][\/vc_row_inner]<div class=\"ult-spacer spacer-69e7f6364b4be\" data-id=\"69e7f6364b4be\" data-height=\"150\" data-height-mobile=\"150\" data-height-tab=\"150\" data-height-tab-portrait=\"\" data-height-mobile-landscape=\"\" style=\"clear:both;display:block;\"><\/div><div id=\"ult-easy-separator-106490199569e7f6364b764\" class=\"ult-easy-separator-wrapper ult-responsive ult-bottom-easy-separator ult-easy-separator-no-default \" style=\"transform: translate(-50%,58%)!important;-ms-transform: translate(-50%,58%)!important;-webkit-transform: translate(-50%,58%)!important;\" data-vc-row=\"wpb_row\"  data-ultimate-target='#ult-easy-separator-106490199569e7f6364b764'  data-responsive-json-new='{\"width\":\"\"}' ><div class=\"ult-easy-separator-inner-wrapper\"><div class=\"ult-no-animation\" style=\"opacity:0;\"   ><img decoding=\"async\" class=\"ult-easy-separator-img\" alt=\"null\" src=\"https:\/\/www.eubioenergy.com\/wp-content\/uploads\/2022\/04\/dechirure-issues-bottom.png\" \/><\/div><\/div><\/div>[\/vc_column][\/vc_row]<\/p>\n","protected":false},"excerpt":{"rendered":"<p>[vc_row css_animation=\u00a0\u00bbfadeIn\u00a0\u00bb centered=\u00a0\u00bbyes\u00a0\u00bb bg_type=\u00a0\u00bbimage\u00a0\u00bb parallax_style=\u00a0\u00bbvcpb-default\u00a0\u00bb bg_image_new=\u00a0\u00bbid^3321|url^https:\/\/www.eubioenergy.com\/\/wp-content\/uploads\/2022\/04\/banner-faq.jpg|caption^null|alt^null|title^banner-faq|description^null\u00a0\u00bb bg_image_repeat=\u00a0\u00bbno-repeat\u00a0\u00bb bg_image_posiiton=\u00a0\u00bbcenter 35%\u00a0\u00bb][vc_column][\/vc_column][\/vc_row][vc_row centered=\u00a0\u00bbyes\u00a0\u00bb][vc_column][vc_toggle title=\u00a0\u00bbEST-CE QUE BR\u00dbLER DU BOIS EST MEILLEUR POUR L\u2019ATMOSPH\u0400RE QUE BR\u00dbLER DU CHARBON ?\u00a0\u00bb style=\u00a0\u00bbsquare\u00a0\u00bb color=\u00a0\u00bbmulled_wine\u00a0\u00bb size=\u00a0\u00bbsm\u00a0\u00bb el_id=\u00a0\u00bb1438297456498-18747d9c-d908&Prime;]Non, br\u00fbler du bois n\u2019est pas meilleur pour l\u2019atmosph\u00e8re que br\u00fbler du charbon, car cela g\u00e9n\u00e8re encore plus de CO\u2082 par unit\u00e9 d\u2019\u00e9nergie<\/p>\n<p><a class=\"sd-more sd-all-trans\" href=\"https:\/\/www.eubioenergy.com\/fr\/faq\/#more-4520\">En savoir plus<\/a><\/p>\n","protected":false},"author":1,"featured_media":0,"parent":0,"menu_order":13,"comment_status":"closed","ping_status":"closed","template":"full-width-page.php","meta":{"footnotes":""},"class_list":["post-4520","page","type-page","status-publish","hentry"],"_links":{"self":[{"href":"https:\/\/www.eubioenergy.com\/fr\/wp-json\/wp\/v2\/pages\/4520","targetHints":{"allow":["GET"]}}],"collection":[{"href":"https:\/\/www.eubioenergy.com\/fr\/wp-json\/wp\/v2\/pages"}],"about":[{"href":"https:\/\/www.eubioenergy.com\/fr\/wp-json\/wp\/v2\/types\/page"}],"author":[{"embeddable":true,"href":"https:\/\/www.eubioenergy.com\/fr\/wp-json\/wp\/v2\/users\/1"}],"replies":[{"embeddable":true,"href":"https:\/\/www.eubioenergy.com\/fr\/wp-json\/wp\/v2\/comments?post=4520"}],"version-history":[{"count":8,"href":"https:\/\/www.eubioenergy.com\/fr\/wp-json\/wp\/v2\/pages\/4520\/revisions"}],"predecessor-version":[{"id":4981,"href":"https:\/\/www.eubioenergy.com\/fr\/wp-json\/wp\/v2\/pages\/4520\/revisions\/4981"}],"wp:attachment":[{"href":"https:\/\/www.eubioenergy.com\/fr\/wp-json\/wp\/v2\/media?parent=4520"}],"curies":[{"name":"wp","href":"https:\/\/api.w.org\/{rel}","templated":true}]}}