{"id":4817,"date":"2022-04-13T09:52:03","date_gmt":"2022-04-13T07:52:03","guid":{"rendered":"https:\/\/www.eubioenergy.com\/the-5-issues\/"},"modified":"2022-06-22T14:08:51","modified_gmt":"2022-06-22T12:08:51","slug":"5-problematiques","status":"publish","type":"page","link":"https:\/\/www.eubioenergy.com\/fr\/5-problematiques\/","title":{"rendered":"5 probl\u00e9matiques"},"content":{"rendered":"<p>[vc_row centered=\u00a0\u00bbyes\u00a0\u00bb bg_type=\u00a0\u00bbimage\u00a0\u00bb parallax_style=\u00a0\u00bbvcpb-default\u00a0\u00bb bg_image_repeat=\u00a0\u00bbno-repeat\u00a0\u00bb bg_image_size=\u00a0\u00bbinitial\u00a0\u00bb bg_image_posiiton=\u00a0\u00bbtop center\u00a0\u00bb css=\u00a0\u00bb.vc_custom_1649835190809{background-color: #f6f9fa !important;}\u00a0\u00bb][vc_column]<div id=\"ult-easy-separator-207143038369d652873b12a\" class=\"ult-easy-separator-wrapper ult-responsive ult-top-easy-separator ult-easy-separator-no-default \" style=\"transform: translate(-50%,-58%)!important;-ms-transform: translate(-50%,-58%)!important;-webkit-transform: translate(-50%,-58%)!important;\" data-vc-row=\"wpb_row\"  data-ultimate-target='#ult-easy-separator-207143038369d652873b12a'  data-responsive-json-new='{\"width\":\"\"}' ><div class=\"ult-easy-separator-inner-wrapper\"><div class=\"ult-no-animation\" style=\"opacity:0;\"   ><img decoding=\"async\" class=\"ult-easy-separator-img\" alt=\"null\" src=\"https:\/\/www.eubioenergy.com\/wp-content\/uploads\/2022\/04\/dechirure-issues.png\" \/><\/div><\/div><\/div><div class=\"ult-spacer spacer-69d652873b16f\" data-id=\"69d652873b16f\" data-height=\"70\" data-height-mobile=\"70\" data-height-tab=\"70\" data-height-tab-portrait=\"\" data-height-mobile-landscape=\"\" style=\"clear:both;display:block;\"><\/div><div id=\"ultimate-heading-547969d652873b51d\" class=\"uvc-heading ult-adjust-bottom-margin ultimate-heading-547969d652873b51d uvc-2718 \" data-hspacer=\"image_only\"  data-halign=\"center\" style=\"text-align:center\"><div class=\"uvc-heading-spacer image_only\" style=\"margin-bottom:20px;\"><img decoding=\"async\" src=\"https:\/\/www.eubioenergy.com\/wp-content\/uploads\/2022\/04\/tree-separator-blue.png\" class=\"ultimate-headings-icon-image\" alt=\"null\" style=\"width:33px\"\/><\/div><div class=\"uvc-main-heading ult-responsive\"  data-ultimate-target='.uvc-heading.ultimate-heading-547969d652873b51d h3'  data-responsive-json-new='{\"font-size\":\"desktop:30px;\",\"line-height\":\"\"}' ><h3 style=\"font-family:&#039;Montserrat&#039;;font-weight:700;color:#435061;margin-bottom:50px;\">5 PROBL\u00c8MES POS\u00c9S PAR LES BIO\u00c9NERGIES<\/h3><\/div><\/div>[vc_row_inner content_placement=\u00a0\u00bbbottom\u00a0\u00bb][vc_column_inner el_class=\u00a0\u00bbeuissueitem\u00a0\u00bb width=\u00a0\u00bb1\/5&Prime;]<div id=\"ultimate-heading-211369d652873b55a\" class=\"uvc-heading ult-adjust-bottom-margin ultimate-heading-211369d652873b55a uvc-5907 \" data-hspacer=\"no_spacer\"  data-halign=\"center\" style=\"text-align:center\"><div class=\"uvc-heading-spacer no_spacer\" style=\"top\"><\/div><div class=\"uvc-sub-heading ult-responsive\"  data-ultimate-target='.uvc-heading.ultimate-heading-211369d652873b55a .uvc-sub-heading '  data-responsive-json-new='{\"font-size\":\"desktop:16px;tablet:14px;mobile:16px;\",\"line-height\":\"\"}'  style=\"font-weight:normal;\"><\/p>\n<h4 style=\"text-align: center;\"><a href=\"https:\/\/www.eubioenergy.com\/fr\/5-problematiques\/destruction-des-forets\/\"><strong><img loading=\"lazy\" decoding=\"async\" class=\"alignnone size-medium wp-image-1164\" src=\"https:\/\/www.eubioenergy.com\/wp-content\/uploads\/2022\/04\/issue01-forests-e1649925058395-280x300.png\" rel=\"PrettyPhoto[4817]\" alt=\"\" width=\"280\" height=\"300\"><\/strong><\/a><\/h4>\n<h4 style=\"text-align: center;\"><a href=\"https:\/\/www.eubioenergy.com\/fr\/5-problematiques\/destruction-des-forets\/\">DESTRUCTION DES FOR\u00caTS<\/a><\/h4>\n<p><\/div><\/div>[\/vc_column_inner][vc_column_inner el_class=\u00a0\u00bbeuissueitem\u00a0\u00bb width=\u00a0\u00bb1\/5&Prime;]<div id=\"ultimate-heading-409369d652873b57d\" class=\"uvc-heading ult-adjust-bottom-margin ultimate-heading-409369d652873b57d uvc-8974 \" data-hspacer=\"no_spacer\"  data-halign=\"center\" style=\"text-align:center\"><div class=\"uvc-heading-spacer no_spacer\" style=\"top\"><\/div><div class=\"uvc-sub-heading ult-responsive\"  data-ultimate-target='.uvc-heading.ultimate-heading-409369d652873b57d .uvc-sub-heading '  data-responsive-json-new='{\"font-size\":\"\",\"line-height\":\"\"}'  style=\"font-weight:normal;\"><\/p>\n<h4 style=\"text-align: center;\"><a href=\"https:\/\/www.eubioenergy.com\/fr\/5-problematiques\/menace-de-la-vie-sauvage\/\"><img loading=\"lazy\" decoding=\"async\" class=\"alignnone size-medium wp-image-1181\" src=\"https:\/\/www.eubioenergy.com\/wp-content\/uploads\/2022\/04\/issue02-wildlife-e1649925005955-280x300.png\" rel=\"PrettyPhoto[4817]\" alt=\"\" width=\"280\" height=\"300\"><\/a><\/h4>\n<h4 style=\"text-align: center;\"><a href=\"https:\/\/www.eubioenergy.com\/fr\/5-problematiques\/menace-de-la-vie-sauvage\/\">MENACE DE LA VIE SAUVAGE<\/a><\/h4>\n<p><\/div><\/div>[\/vc_column_inner][vc_column_inner el_class=\u00a0\u00bbeuissueitem\u00a0\u00bb width=\u00a0\u00bb1\/5&Prime;]<div id=\"ultimate-heading-531369d652873b59d\" class=\"uvc-heading ult-adjust-bottom-margin ultimate-heading-531369d652873b59d uvc-2061 \" data-hspacer=\"no_spacer\"  data-halign=\"center\" style=\"text-align:center\"><div class=\"uvc-heading-spacer no_spacer\" style=\"top\"><\/div><div class=\"uvc-sub-heading ult-responsive\"  data-ultimate-target='.uvc-heading.ultimate-heading-531369d652873b59d .uvc-sub-heading '  data-responsive-json-new='{\"font-size\":\"\",\"line-height\":\"\"}'  style=\"font-weight:normal;\"><\/p>\n<h4 style=\"text-align: center;\"><a href=\"https:\/\/www.eubioenergy.com\/fr\/5-problematiques\/acceleration-du-changement-climatique\/\"><img loading=\"lazy\" decoding=\"async\" class=\"alignnone size-medium wp-image-1182\" src=\"https:\/\/www.eubioenergy.com\/wp-content\/uploads\/2022\/04\/issue03-climate-e1649924767951-300x230.png\" rel=\"PrettyPhoto[4817]\" alt=\"\" width=\"300\" height=\"230\"><\/a><\/h4>\n<h4 style=\"text-align: center;\"><a href=\"https:\/\/www.eubioenergy.com\/fr\/5-problematiques\/acceleration-du-changement-climatique\/\">ACC\u00c9L\u00c9RATION DU CHANGEMENT CLIMATIQUE<\/a><\/h4>\n<p><\/div><\/div>[\/vc_column_inner][vc_column_inner el_class=\u00a0\u00bbeuissueitem\u00a0\u00bb width=\u00a0\u00bb1\/5&Prime;]<div id=\"ultimate-heading-432069d652873b5b6\" class=\"uvc-heading ult-adjust-bottom-margin ultimate-heading-432069d652873b5b6 uvc-6500 \" data-hspacer=\"no_spacer\"  data-halign=\"center\" style=\"text-align:center\"><div class=\"uvc-heading-spacer no_spacer\" style=\"top\"><\/div><div class=\"uvc-sub-heading ult-responsive\"  data-ultimate-target='.uvc-heading.ultimate-heading-432069d652873b5b6 .uvc-sub-heading '  data-responsive-json-new='{\"font-size\":\"\",\"line-height\":\"\"}'  style=\"font-weight:normal;\"><\/p>\n<h4 style=\"text-align: center;\"><a href=\"https:\/\/www.eubioenergy.com\/fr\/5-problematiques\/pollution-de-lair\/\"><img loading=\"lazy\" decoding=\"async\" class=\"alignnone size-medium wp-image-1183\" src=\"https:\/\/www.eubioenergy.com\/wp-content\/uploads\/2022\/04\/issue04-pollution-e1649924807156-300x289.png\" rel=\"PrettyPhoto[4817]\" alt=\"\" width=\"300\" height=\"289\"><\/a><\/h4>\n<h4 style=\"text-align: center;\"><a href=\"https:\/\/www.eubioenergy.com\/fr\/5-problematiques\/pollution-de-lair\/\">POLLUTION DE L\u2019AIR<\/a><\/h4>\n<p><\/div><\/div>[\/vc_column_inner][vc_column_inner el_class=\u00a0\u00bbeuissueitem\u00a0\u00bb width=\u00a0\u00bb1\/5&Prime;]<div id=\"ultimate-heading-264069d652873b5ce\" class=\"uvc-heading ult-adjust-bottom-margin ultimate-heading-264069d652873b5ce uvc-2405 \" data-hspacer=\"no_spacer\"  data-halign=\"center\" style=\"text-align:center\"><div class=\"uvc-heading-spacer no_spacer\" style=\"top\"><\/div><div class=\"uvc-sub-heading ult-responsive\"  data-ultimate-target='.uvc-heading.ultimate-heading-264069d652873b5ce .uvc-sub-heading '  data-responsive-json-new='{\"font-size\":\"\",\"line-height\":\"\"}'  style=\"font-weight:normal;\"><\/p>\n<h4 style=\"text-align: center;\"><a href=\"https:\/\/www.eubioenergy.com\/fr\/5-problematiques\/pression-sur-les-terres\/\"><img loading=\"lazy\" decoding=\"async\" class=\"alignnone size-medium wp-image-1184\" src=\"https:\/\/www.eubioenergy.com\/wp-content\/uploads\/2022\/04\/issue05-land-e1649924940411-275x300.png\" rel=\"PrettyPhoto[4817]\" alt=\"\" width=\"275\" height=\"300\"><\/a><\/h4>\n<h4 style=\"text-align: center;\"><a href=\"https:\/\/www.eubioenergy.com\/fr\/5-problematiques\/pression-sur-les-terres\/\">PRESSION SUR LES TERRES<\/a><\/h4>\n<p><\/div><\/div>[\/vc_column_inner][\/vc_row_inner]<div class=\"ult-spacer spacer-69d652873b5e3\" data-id=\"69d652873b5e3\" data-height=\"150\" data-height-mobile=\"150\" data-height-tab=\"150\" data-height-tab-portrait=\"\" data-height-mobile-landscape=\"\" style=\"clear:both;display:block;\"><\/div><div id=\"ult-easy-separator-282026462169d652873b85d\" class=\"ult-easy-separator-wrapper ult-responsive ult-bottom-easy-separator ult-easy-separator-no-default \" style=\"transform: translate(-50%,58%)!important;-ms-transform: translate(-50%,58%)!important;-webkit-transform: translate(-50%,58%)!important;\" data-vc-row=\"wpb_row\"  data-ultimate-target='#ult-easy-separator-282026462169d652873b85d'  data-responsive-json-new='{\"width\":\"\"}' ><div class=\"ult-easy-separator-inner-wrapper\"><div class=\"ult-no-animation\" style=\"opacity:0;\"   ><img decoding=\"async\" class=\"ult-easy-separator-img\" alt=\"null\" src=\"https:\/\/www.eubioenergy.com\/wp-content\/uploads\/2022\/04\/dechirure-issues-bottom.png\" \/><\/div><\/div><\/div>[\/vc_column][\/vc_row]<\/p>\n","protected":false},"excerpt":{"rendered":"<p>[vc_row centered=\u00a0\u00bbyes\u00a0\u00bb bg_type=\u00a0\u00bbimage\u00a0\u00bb parallax_style=\u00a0\u00bbvcpb-default\u00a0\u00bb bg_image_repeat=\u00a0\u00bbno-repeat\u00a0\u00bb bg_image_size=\u00a0\u00bbinitial\u00a0\u00bb bg_image_posiiton=\u00a0\u00bbtop center\u00a0\u00bb css=\u00a0\u00bb.vc_custom_1649835190809{background-color: #f6f9fa !important;}\u00a0\u00bb][vc_column][vc_row_inner content_placement=\u00a0\u00bbbottom\u00a0\u00bb][vc_column_inner el_class=\u00a0\u00bbeuissueitem\u00a0\u00bb width=\u00a0\u00bb1\/5&Prime;][\/vc_column_inner][vc_column_inner el_class=\u00a0\u00bbeuissueitem\u00a0\u00bb width=\u00a0\u00bb1\/5&Prime;][\/vc_column_inner][vc_column_inner el_class=\u00a0\u00bbeuissueitem\u00a0\u00bb width=\u00a0\u00bb1\/5&Prime;][\/vc_column_inner][vc_column_inner el_class=\u00a0\u00bbeuissueitem\u00a0\u00bb width=\u00a0\u00bb1\/5&Prime;][\/vc_column_inner][vc_column_inner el_class=\u00a0\u00bbeuissueitem\u00a0\u00bb width=\u00a0\u00bb1\/5&Prime;][\/vc_column_inner][\/vc_row_inner][\/vc_column][\/vc_row]<\/p>\n<p><a class=\"sd-more sd-all-trans\" href=\"https:\/\/www.eubioenergy.com\/fr\/5-problematiques\/#more-4817\">En savoir plus<\/a><\/p>\n","protected":false},"author":1,"featured_media":0,"parent":0,"menu_order":8,"comment_status":"open","ping_status":"open","template":"full-width-page.php","meta":{"footnotes":""},"class_list":["post-4817","page","type-page","status-publish","hentry"],"_links":{"self":[{"href":"https:\/\/www.eubioenergy.com\/fr\/wp-json\/wp\/v2\/pages\/4817","targetHints":{"allow":["GET"]}}],"collection":[{"href":"https:\/\/www.eubioenergy.com\/fr\/wp-json\/wp\/v2\/pages"}],"about":[{"href":"https:\/\/www.eubioenergy.com\/fr\/wp-json\/wp\/v2\/types\/page"}],"author":[{"embeddable":true,"href":"https:\/\/www.eubioenergy.com\/fr\/wp-json\/wp\/v2\/users\/1"}],"replies":[{"embeddable":true,"href":"https:\/\/www.eubioenergy.com\/fr\/wp-json\/wp\/v2\/comments?post=4817"}],"version-history":[{"count":10,"href":"https:\/\/www.eubioenergy.com\/fr\/wp-json\/wp\/v2\/pages\/4817\/revisions"}],"predecessor-version":[{"id":4918,"href":"https:\/\/www.eubioenergy.com\/fr\/wp-json\/wp\/v2\/pages\/4817\/revisions\/4918"}],"wp:attachment":[{"href":"https:\/\/www.eubioenergy.com\/fr\/wp-json\/wp\/v2\/media?parent=4817"}],"curies":[{"name":"wp","href":"https:\/\/api.w.org\/{rel}","templated":true}]}}